{"id":3,"date":"2021-12-18T23:22:55","date_gmt":"2021-12-18T23:22:55","guid":{"rendered":"https:\/\/marine-charts.com\/?page_id=3"},"modified":"2022-02-15T15:45:36","modified_gmt":"2022-02-15T13:45:36","slug":"privacy-policy","status":"publish","type":"page","link":"https:\/\/marine-charts.com\/pl\/privacy-policy\/","title":{"rendered":"Polityka prywatno\u015bci"},"content":{"rendered":"<h2 class=\"wp-block-heading\" id=\"who-we-are\">Kim jeste\u015bmy<\/h2>\n\n\n\n<p><strong class=\"privacy-policy-tutorial\">Sugerowany tekst: <\/strong>Adres naszej strony internetowej to: <strong>https:\/\/marine-charts.com<\/strong><\/p>\n\n\n\n<h2 class=\"wp-block-heading\" id=\"comments\">Uwagi<\/h2>\n\n\n\n<p><strong class=\"privacy-policy-tutorial\">Sugerowany tekst: <\/strong>Gdy odwiedzaj\u0105cy witryn\u0119 zostawia komentarz, zbieramy dane widoczne w formularzu komentowania, a tak\u017ce adres IP odwiedzaj\u0105cego i podpis jego przegl\u0105darki jako pomoc w wykrywaniu spamu.<\/p>\n\n\n\n<p>Zanonimizowany ci\u0105g znak\u00f3w utworzony na podstawie Twojego adresu e-mail (zwany tak\u017ce hashem) mo\u017ce zosta\u0107 przes\u0142any do us\u0142ugi Gravatar w celu sprawdzenia, czy jej u\u017cywasz. Polityka prywatno\u015bci us\u0142ugi Gravatar jest dost\u0119pna tutaj: https:\/\/automattic.com\/privacy\/. Po zatwierdzeniu Twojego komentarza Twoje zdj\u0119cie profilowe jest widoczne publicznie w kontek\u015bcie Twojego komentarza.<\/p>\n\n\n\n<h2 class=\"wp-block-heading\" id=\"media\">G\u0142oska bezd\u017awi\u0119czna<\/h2>\n\n\n\n<p><strong class=\"privacy-policy-tutorial\">Sugerowany tekst: <\/strong>Je\u015bli przesy\u0142asz obrazy na stron\u0119 internetow\u0105, powiniene\u015b unika\u0107 przesy\u0142ania obraz\u00f3w z do\u0142\u0105czonymi osadzonymi danymi lokalizacji (EXIF GPS). Odwiedzaj\u0105cy witryn\u0119 mog\u0105 pobiera\u0107 i wyodr\u0119bnia\u0107 dowolne dane dotycz\u0105ce lokalizacji z obraz\u00f3w w witrynie.<\/p>\n\n\n\n<h2 class=\"wp-block-heading\" id=\"cookies\">Ciasteczka<\/h2>\n\n\n\n<p><strong class=\"privacy-policy-tutorial\">Sugerowany tekst: <\/strong>Je\u015bli zostawisz komentarz na naszej stronie, mo\u017cesz wyrazi\u0107 zgod\u0119 na zapisywanie Twojego imienia i nazwiska, adresu e-mail i strony internetowej w plikach cookie. S\u0105 one dla Twojej wygody, aby\u015b nie musia\u0142 ponownie wpisywa\u0107 swoich danych, gdy zostawiasz kolejny komentarz. Te pliki cookie b\u0119d\u0105 dzia\u0142a\u0107 przez rok.<\/p>\n\n\n\n<p>Je\u015bli odwiedzisz nasz\u0105 stron\u0119 logowania, utworzymy tymczasowy plik cookie, aby ustali\u0107, czy Twoja przegl\u0105darka akceptuje pliki cookie. Ten plik cookie nie zawiera \u017cadnych danych osobowych i jest usuwany po zamkni\u0119ciu przegl\u0105darki.<\/p>\n\n\n\n<p>Gdy si\u0119 zalogujesz, utworzymy r\u00f3wnie\u017c kilka plik\u00f3w cookie, aby zapisa\u0107 Twoje dane logowania i wybrane opcje wy\u015bwietlania ekranu. Pliki cookie logowania s\u0105 wa\u017cne przez dwa dni, a pliki cookie opcji ekranu \u2014 przez rok. Je\u015bli wybierzesz opcj\u0119 \u201eZapami\u0119taj mnie\u201d, Tw\u00f3j login b\u0119dzie aktywny przez dwa tygodnie. Je\u015bli wylogujesz si\u0119 ze swojego konta, ciasteczka logowania zostan\u0105 usuni\u0119te.<\/p>\n\n\n\n<p>Je\u015bli edytujesz lub publikujesz artyku\u0142, w Twojej przegl\u0105darce zostanie zapisane dodatkowe ciasteczko. Ten plik cookie nie zawiera \u017cadnych danych osobowych i wskazuje po prostu identyfikator posta przed chwil\u0105 edytowanego artyku\u0142u. Wygasa po 1 dniu.<\/p>\n\n\n\n<h2 class=\"wp-block-heading\" id=\"embedded-content-from-other-websites\">Osadzone tre\u015bci z innych stron internetowych<\/h2>\n\n\n\n<p><strong class=\"privacy-policy-tutorial\">Sugerowany tekst: <\/strong>Artyku\u0142y na tej stronie mog\u0105 zawiera\u0107 osadzone tre\u015bci (np. filmy, obrazy, artyku\u0142y itp.). Osadzone tre\u015bci z innych witryn zachowuj\u0105 si\u0119 dok\u0142adnie tak samo, jak gdyby odwiedzaj\u0105cy odwiedzi\u0142 inn\u0105 witryn\u0119.<\/p>\n\n\n\n<p>Witryny te mog\u0105 gromadzi\u0107 dane o tobie, u\u017cywa\u0107 plik\u00f3w cookie, osadza\u0107 dodatkowe \u015bledzenie stron trzecich i monitorowa\u0107 twoje interakcje z osadzonymi tre\u015bciami, w tym \u015bledzenie twoich interakcji z osadzonymi tre\u015bciami, je\u015bli masz konto i jeste\u015b zalogowany w tej witrynie.<\/p>\n\n\n\n<h2 class=\"wp-block-heading\" id=\"who-we-share-your-data-with\">Komu udost\u0119pniamy Twoje dane<\/h2>\n\n\n\n<p><strong class=\"privacy-policy-tutorial\">Sugerowany tekst: <\/strong>Je\u015bli poprosisz o zresetowanie has\u0142a, Tw\u00f3j adres IP zostanie do\u0142\u0105czony do wiadomo\u015bci e-mail dotycz\u0105cej resetowania.<\/p>\n\n\n\n<h2 class=\"wp-block-heading\" id=\"how-long-we-retain-your-data\">Jak d\u0142ugo przechowujemy Twoje dane<\/h2>\n\n\n\n<p><strong class=\"privacy-policy-tutorial\">Sugerowany tekst: <\/strong>Je\u015bli zostawisz komentarz, komentarz i jego metadane s\u0105 przechowywane przez czas nieokre\u015blony. Dzi\u0119ki temu mo\u017cemy automatycznie rozpoznawa\u0107 i zatwierdza\u0107 wszelkie dalsze komentarze zamiast trzyma\u0107 je w kolejce do moderacji.<\/p>\n\n\n\n<p>W przypadku u\u017cytkownik\u00f3w, kt\u00f3rzy zarejestruj\u0105 si\u0119 na naszej stronie internetowej (je\u015bli tacy s\u0105), przechowujemy r\u00f3wnie\u017c dane osobowe, kt\u00f3re podaj\u0105 w swoim profilu u\u017cytkownika. Wszyscy u\u017cytkownicy mog\u0105 w dowolnym momencie przegl\u0105da\u0107, edytowa\u0107 lub usuwa\u0107 swoje dane osobowe (z wyj\u0105tkiem tego, \u017ce nie mog\u0105 zmieni\u0107 swojej nazwy u\u017cytkownika). Administratorzy witryny mog\u0105 r\u00f3wnie\u017c wy\u015bwietla\u0107 i edytowa\u0107 te informacje.<\/p>\n\n\n\n<h2 class=\"wp-block-heading\" id=\"what-rights-you-have-over-your-data\">Jakie masz prawa do swoich danych<\/h2>\n\n\n\n<p><strong class=\"privacy-policy-tutorial\">Sugerowany tekst: <\/strong>Je\u015bli masz konto w tej witrynie lub doda\u0142e\u015b komentarze, mo\u017cesz poprosi\u0107 o przes\u0142anie wyeksportowanego pliku danych osobowych, kt\u00f3re posiadamy na Tw\u00f3j temat, w tym wszelkich danych, kt\u00f3re nam przekaza\u0142e\u015b. Mo\u017cesz r\u00f3wnie\u017c za\u017c\u0105da\u0107, aby\u015bmy usun\u0119li wszelkie dane osobowe, kt\u00f3re posiadamy na Tw\u00f3j temat. Nie obejmuje to \u017cadnych danych, kt\u00f3re jeste\u015bmy zobowi\u0105zani przechowywa\u0107 ze wzgl\u0119d\u00f3w administracyjnych, prawnych lub bezpiecze\u0144stwa.<\/p>\n\n\n\n<h2 class=\"wp-block-heading\" id=\"where-we-send-your-data\">Gdzie wysy\u0142amy Twoje dane<\/h2>\n\n\n\n<p><strong class=\"privacy-policy-tutorial\">Sugerowany tekst: <\/strong>Komentarze go\u015bci mog\u0105 by\u0107 sprawdzane za pomoc\u0105 automatycznej us\u0142ugi wykrywania spamu.<\/p>","protected":false},"excerpt":{"rendered":"<p>Who we are Suggested text: Our website address is: https:\/\/marine-charts.com Comments Suggested text: When visitors leave comments on the site we collect the data shown in the comments form, and also the visitor\u2019s IP address and browser user agent string to help spam detection. An anonymized string created from your email address (also called a [&hellip;]<\/p>\n","protected":false},"author":1,"featured_media":0,"parent":0,"menu_order":0,"comment_status":"closed","ping_status":"open","template":"","meta":{"footnotes":""},"class_list":["post-3","page","type-page","status-publish","hentry"],"_links":{"self":[{"href":"https:\/\/marine-charts.com\/pl\/wp-json\/wp\/v2\/pages\/3","targetHints":{"allow":["GET"]}}],"collection":[{"href":"https:\/\/marine-charts.com\/pl\/wp-json\/wp\/v2\/pages"}],"about":[{"href":"https:\/\/marine-charts.com\/pl\/wp-json\/wp\/v2\/types\/page"}],"author":[{"embeddable":true,"href":"https:\/\/marine-charts.com\/pl\/wp-json\/wp\/v2\/users\/1"}],"replies":[{"embeddable":true,"href":"https:\/\/marine-charts.com\/pl\/wp-json\/wp\/v2\/comments?post=3"}],"version-history":[{"count":0,"href":"https:\/\/marine-charts.com\/pl\/wp-json\/wp\/v2\/pages\/3\/revisions"}],"wp:attachment":[{"href":"https:\/\/marine-charts.com\/pl\/wp-json\/wp\/v2\/media?parent=3"}],"curies":[{"name":"wp","href":"https:\/\/api.w.org\/{rel}","templated":true}]}}