{"id":1589,"date":"2022-11-14T01:31:40","date_gmt":"2022-11-13T23:31:40","guid":{"rendered":"https:\/\/marine-charts.com\/?page_id=1589"},"modified":"2022-11-14T01:33:13","modified_gmt":"2022-11-13T23:33:13","slug":"video-tutorials-instructions-marine-navigation","status":"publish","type":"page","link":"https:\/\/marine-charts.com\/pt\/video-tutorials-instructions-marine-navigation\/","title":{"rendered":"Tutoriais em v\u00eddeo e instru\u00e7\u00f5es para navega\u00e7\u00e3o mar\u00edtima"},"content":{"rendered":"","protected":false},"excerpt":{"rendered":"","protected":false},"author":1,"featured_media":0,"parent":0,"menu_order":0,"comment_status":"closed","ping_status":"closed","template":"","meta":{"footnotes":""},"class_list":["post-1589","page","type-page","status-publish","hentry"],"_links":{"self":[{"href":"https:\/\/marine-charts.com\/pt\/wp-json\/wp\/v2\/pages\/1589","targetHints":{"allow":["GET"]}}],"collection":[{"href":"https:\/\/marine-charts.com\/pt\/wp-json\/wp\/v2\/pages"}],"about":[{"href":"https:\/\/marine-charts.com\/pt\/wp-json\/wp\/v2\/types\/page"}],"author":[{"embeddable":true,"href":"https:\/\/marine-charts.com\/pt\/wp-json\/wp\/v2\/users\/1"}],"replies":[{"embeddable":true,"href":"https:\/\/marine-charts.com\/pt\/wp-json\/wp\/v2\/comments?post=1589"}],"version-history":[{"count":0,"href":"https:\/\/marine-charts.com\/pt\/wp-json\/wp\/v2\/pages\/1589\/revisions"}],"wp:attachment":[{"href":"https:\/\/marine-charts.com\/pt\/wp-json\/wp\/v2\/media?parent=1589"}],"curies":[{"name":"wp","href":"https:\/\/api.w.org\/{rel}","templated":true}]}}