{"id":546,"date":"2022-02-14T04:59:34","date_gmt":"2022-02-14T02:59:34","guid":{"rendered":"https:\/\/marine-charts.com\/dashboard\/"},"modified":"2022-12-04T02:22:58","modified_gmt":"2022-12-04T00:22:58","slug":"dashboard","status":"publish","type":"page","link":"https:\/\/marine-charts.com\/pt\/dashboard\/","title":{"rendered":"Painel"},"content":{"rendered":"<div class=\"directorist-user-dashboard-access-notice\">\n\t<div class=\"directorist-alert directorist-alert-warning\">\n\t\t<i class=\"directorist-icon-mask\" aria-hidden=\"true\" style=\"--directorist-icon: url(https:\/\/marine-charts.com\/wp-content\/plugins\/directorist\/assets\/icons\/line-awesome\/svgs\/info-circle-solid.svg)\"><\/i>\t\tVoc\u00ea precisa estar logado para visualizar o conte\u00fado desta p\u00e1gina. voc\u00ea pode entrar <a href='https:\/\/marine-charts.com\/pt\/login\/'>Aqui<\/a>. N\u00e3o tem uma conta? <a href='https:\/\/marine-charts.com\/pt\/registration\/'>Inscrever-se<\/a>\t<\/div>\n<\/div>","protected":false},"excerpt":{"rendered":"","protected":false},"author":1,"featured_media":0,"parent":0,"menu_order":0,"comment_status":"closed","ping_status":"closed","template":"","meta":{"footnotes":""},"class_list":["post-546","page","type-page","status-publish","hentry"],"_links":{"self":[{"href":"https:\/\/marine-charts.com\/pt\/wp-json\/wp\/v2\/pages\/546","targetHints":{"allow":["GET"]}}],"collection":[{"href":"https:\/\/marine-charts.com\/pt\/wp-json\/wp\/v2\/pages"}],"about":[{"href":"https:\/\/marine-charts.com\/pt\/wp-json\/wp\/v2\/types\/page"}],"author":[{"embeddable":true,"href":"https:\/\/marine-charts.com\/pt\/wp-json\/wp\/v2\/users\/1"}],"replies":[{"embeddable":true,"href":"https:\/\/marine-charts.com\/pt\/wp-json\/wp\/v2\/comments?post=546"}],"version-history":[{"count":0,"href":"https:\/\/marine-charts.com\/pt\/wp-json\/wp\/v2\/pages\/546\/revisions"}],"wp:attachment":[{"href":"https:\/\/marine-charts.com\/pt\/wp-json\/wp\/v2\/media?parent=546"}],"curies":[{"name":"wp","href":"https:\/\/api.w.org\/{rel}","templated":true}]}}