{"id":716,"date":"2022-02-15T16:31:04","date_gmt":"2022-02-15T14:31:04","guid":{"rendered":"https:\/\/marine-charts.com\/?page_id=716"},"modified":"2022-02-15T16:32:00","modified_gmt":"2022-02-15T14:32:00","slug":"terms-conditions","status":"publish","type":"page","link":"https:\/\/marine-charts.com\/sv\/terms-conditions\/","title":{"rendered":"Regler och villkor f\u00f6r anv\u00e4ndning av Marine-Charts.com"},"content":{"rendered":"<h2 class=\"wp-block-heading\" id=\"who-we-are\">Vilka vi \u00e4r<\/h2>\n\n\n\n<p><strong class=\"privacy-policy-tutorial\">F\u00f6reslagen text: <\/strong>V\u00e5r webbadress \u00e4r: <strong>https:\/\/marine-charts.com<\/strong><\/p>\n\n\n\n<h2 class=\"wp-block-heading\" id=\"comments\">Kommentarer<\/h2>\n\n\n\n<p><strong class=\"privacy-policy-tutorial\">F\u00f6reslagen text: <\/strong>N\u00e4r bes\u00f6kare l\u00e4mnar kommentarer p\u00e5 webbplatsen samlar vi in data som visas i kommentarsformul\u00e4ret, och \u00e4ven bes\u00f6karens IP-adress och webbl\u00e4sarens anv\u00e4ndaragentstr\u00e4ng f\u00f6r att hj\u00e4lpa till att uppt\u00e4cka skr\u00e4ppost.<\/p>\n\n\n\n<p>En anonymiserad str\u00e4ng skapad fr\u00e5n din e-postadress (\u00e4ven kallad en hash) kan tillhandah\u00e5llas Gravatar-tj\u00e4nsten f\u00f6r att se om du anv\u00e4nder den. Gravatar-tj\u00e4nstens sekretesspolicy \u00e4r tillg\u00e4nglig h\u00e4r: https:\/\/automattic.com\/privacy\/. Efter godk\u00e4nnande av din kommentar \u00e4r din profilbild synlig f\u00f6r allm\u00e4nheten i samband med din kommentar.<\/p>\n\n\n\n<h2 class=\"wp-block-heading\" id=\"media\">Media<\/h2>\n\n\n\n<p><strong class=\"privacy-policy-tutorial\">F\u00f6reslagen text: <\/strong>Om du laddar upp bilder till webbplatsen b\u00f6r du undvika att ladda upp bilder med inb\u00e4ddad platsdata (EXIF GPS) inkluderad. Bes\u00f6kare p\u00e5 webbplatsen kan ladda ner och extrahera all platsdata fr\u00e5n bilder p\u00e5 webbplatsen.<\/p>\n\n\n\n<h2 class=\"wp-block-heading\" id=\"cookies\">Sm\u00e5kakor<\/h2>\n\n\n\n<p><strong class=\"privacy-policy-tutorial\">F\u00f6reslagen text: <\/strong>Om du l\u00e4mnar en kommentar p\u00e5 v\u00e5r webbplats kan du v\u00e4lja att spara ditt namn, din e-postadress och din webbplats i cookies. Dessa \u00e4r till f\u00f6r din bekv\u00e4mlighet s\u00e5 att du inte beh\u00f6ver fylla i dina uppgifter igen n\u00e4r du l\u00e4mnar en annan kommentar. Dessa kakor kommer att h\u00e5lla i ett \u00e5r.<\/p>\n\n\n\n<p>Om du bes\u00f6ker v\u00e5r inloggningssida kommer vi att st\u00e4lla in en tillf\u00e4llig cookie f\u00f6r att avg\u00f6ra om din webbl\u00e4sare accepterar cookies. Denna cookie inneh\u00e5ller inga personuppgifter och kasseras n\u00e4r du st\u00e4nger din webbl\u00e4sare.<\/p>\n\n\n\n<p>N\u00e4r du loggar in kommer vi ocks\u00e5 att s\u00e4tta upp flera cookies f\u00f6r att spara din inloggningsinformation och dina sk\u00e4rmvisningsval. Inloggningscookies varar i tv\u00e5 dagar och sk\u00e4rmalternativcookies varar i ett \u00e5r. Om du v\u00e4ljer &quot;Kom ih\u00e5g mig&quot; kommer din inloggning att forts\u00e4tta i tv\u00e5 veckor. Om du loggar ut fr\u00e5n ditt konto kommer inloggningscookies att tas bort.<\/p>\n\n\n\n<p>Om du redigerar eller publicerar en artikel kommer ytterligare en cookie att sparas i din webbl\u00e4sare. Denna cookie inneh\u00e5ller inga personliga uppgifter och anger helt enkelt post-ID f\u00f6r artikeln du just redigerade. Den upph\u00f6r efter 1 dag.<\/p>\n\n\n\n<h2 class=\"wp-block-heading\" id=\"embedded-content-from-other-websites\">Inb\u00e4ddat inneh\u00e5ll fr\u00e5n andra webbplatser<\/h2>\n\n\n\n<p><strong class=\"privacy-policy-tutorial\">F\u00f6reslagen text: <\/strong>Artiklar p\u00e5 denna webbplats kan inneh\u00e5lla inb\u00e4ddat inneh\u00e5ll (t.ex. videor, bilder, artiklar, etc.). Inb\u00e4ddat inneh\u00e5ll fr\u00e5n andra webbplatser beter sig p\u00e5 exakt samma s\u00e4tt som om bes\u00f6karen har bes\u00f6kt den andra webbplatsen.<\/p>\n\n\n\n<p>Dessa webbplatser kan samla in data om dig, anv\u00e4nda cookies, b\u00e4dda in ytterligare sp\u00e5rning fr\u00e5n tredje part och \u00f6vervaka din interaktion med det inb\u00e4ddade inneh\u00e5llet, inklusive sp\u00e5rning av din interaktion med det inb\u00e4ddade inneh\u00e5llet om du har ett konto och \u00e4r inloggad p\u00e5 den webbplatsen.<\/p>\n\n\n\n<h2 class=\"wp-block-heading\" id=\"who-we-share-your-data-with\">Vem vi delar din data med<\/h2>\n\n\n\n<p><strong class=\"privacy-policy-tutorial\">F\u00f6reslagen text: <\/strong>Om du beg\u00e4r en l\u00f6senords\u00e5terst\u00e4llning kommer din IP-adress att inkluderas i \u00e5terst\u00e4llningsmailet.<\/p>\n\n\n\n<h2 class=\"wp-block-heading\" id=\"how-long-we-retain-your-data\">Hur l\u00e4nge vi beh\u00e5ller dina uppgifter<\/h2>\n\n\n\n<p><strong class=\"privacy-policy-tutorial\">F\u00f6reslagen text: <\/strong>Om du l\u00e4mnar en kommentar bevaras kommentaren och dess metadata p\u00e5 obest\u00e4md tid. Detta f\u00f6r att vi ska kunna k\u00e4nna igen och godk\u00e4nna eventuella uppf\u00f6ljande kommentarer automatiskt ist\u00e4llet f\u00f6r att h\u00e5lla dem i en modereringsk\u00f6.<\/p>\n\n\n\n<p>F\u00f6r anv\u00e4ndare som registrerar sig p\u00e5 v\u00e5r webbplats (om n\u00e5gon) lagrar vi \u00e4ven den personliga information de tillhandah\u00e5ller i sin anv\u00e4ndarprofil. Alla anv\u00e4ndare kan se, redigera eller radera sin personliga information n\u00e4r som helst (f\u00f6rutom att de inte kan \u00e4ndra sitt anv\u00e4ndarnamn). Webbplatsadministrat\u00f6rer kan ocks\u00e5 se och redigera den informationen.<\/p>\n\n\n\n<h2 class=\"wp-block-heading\" id=\"what-rights-you-have-over-your-data\">Vilka r\u00e4ttigheter du har \u00f6ver dina uppgifter<\/h2>\n\n\n\n<p><strong class=\"privacy-policy-tutorial\">F\u00f6reslagen text: <\/strong>Om du har ett konto p\u00e5 den h\u00e4r webbplatsen, eller har l\u00e4mnat kommentarer, kan du beg\u00e4ra att f\u00e5 en exporterad fil med de personuppgifter vi har om dig, inklusive alla uppgifter du har l\u00e4mnat till oss. Du kan ocks\u00e5 beg\u00e4ra att vi raderar alla personuppgifter vi har om dig. Detta inkluderar inte n\u00e5gra uppgifter som vi \u00e4r skyldiga att beh\u00e5lla f\u00f6r administrativa, juridiska eller s\u00e4kerhets\u00e4ndam\u00e5l.<\/p>\n\n\n\n<h2 class=\"wp-block-heading\" id=\"where-we-send-your-data\">Dit vi skickar dina uppgifter<\/h2>\n\n\n\n<p><strong class=\"privacy-policy-tutorial\">F\u00f6reslagen text: <\/strong>Bes\u00f6karkommentarer kan kontrolleras genom en automatisk spamdetekteringstj\u00e4nst.<\/p>","protected":false},"excerpt":{"rendered":"<p>Who we are Suggested text: Our website address is: https:\/\/marine-charts.com Comments Suggested text: When visitors leave comments on the site we collect the data shown in the comments form, and also the visitor\u2019s IP address and browser user agent string to help spam detection. An anonymized string created from your email address (also called a [&hellip;]<\/p>\n","protected":false},"author":1,"featured_media":0,"parent":0,"menu_order":0,"comment_status":"closed","ping_status":"closed","template":"","meta":{"footnotes":""},"class_list":["post-716","page","type-page","status-publish","hentry"],"_links":{"self":[{"href":"https:\/\/marine-charts.com\/sv\/wp-json\/wp\/v2\/pages\/716","targetHints":{"allow":["GET"]}}],"collection":[{"href":"https:\/\/marine-charts.com\/sv\/wp-json\/wp\/v2\/pages"}],"about":[{"href":"https:\/\/marine-charts.com\/sv\/wp-json\/wp\/v2\/types\/page"}],"author":[{"embeddable":true,"href":"https:\/\/marine-charts.com\/sv\/wp-json\/wp\/v2\/users\/1"}],"replies":[{"embeddable":true,"href":"https:\/\/marine-charts.com\/sv\/wp-json\/wp\/v2\/comments?post=716"}],"version-history":[{"count":0,"href":"https:\/\/marine-charts.com\/sv\/wp-json\/wp\/v2\/pages\/716\/revisions"}],"wp:attachment":[{"href":"https:\/\/marine-charts.com\/sv\/wp-json\/wp\/v2\/media?parent=716"}],"curies":[{"name":"wp","href":"https:\/\/api.w.org\/{rel}","templated":true}]}}