{"id":8,"date":"2021-12-19T02:44:07","date_gmt":"2021-12-19T00:44:07","guid":{"rendered":"https:\/\/marine-charts.com\/?page_id=8"},"modified":"2022-02-07T05:35:03","modified_gmt":"2022-02-07T03:35:03","slug":"contact","status":"publish","type":"page","link":"https:\/\/marine-charts.com\/sv\/contact\/","title":{"rendered":"Kontakt"},"content":{"rendered":"<p>Det h\u00e4r \u00e4r en sida med en del grundl\u00e4ggande kontaktuppgifter, s\u00e5som adress och telefonnummer. Du kan ocks\u00e5 prova ett plugin f\u00f6r att l\u00e4gga till ett kontaktformul\u00e4r.<\/p>","protected":false},"excerpt":{"rendered":"<p>Det h\u00e4r \u00e4r en sida med en del grundl\u00e4ggande kontaktuppgifter, s\u00e5som adress och telefonnummer. Du kan ocks\u00e5 prova ett plugin f\u00f6r att l\u00e4gga till ett kontaktformul\u00e4r.<\/p>","protected":false},"author":1,"featured_media":0,"parent":0,"menu_order":0,"comment_status":"closed","ping_status":"closed","template":"","meta":{"footnotes":""},"class_list":["post-8","page","type-page","status-publish","hentry"],"_links":{"self":[{"href":"https:\/\/marine-charts.com\/sv\/wp-json\/wp\/v2\/pages\/8","targetHints":{"allow":["GET"]}}],"collection":[{"href":"https:\/\/marine-charts.com\/sv\/wp-json\/wp\/v2\/pages"}],"about":[{"href":"https:\/\/marine-charts.com\/sv\/wp-json\/wp\/v2\/types\/page"}],"author":[{"embeddable":true,"href":"https:\/\/marine-charts.com\/sv\/wp-json\/wp\/v2\/users\/1"}],"replies":[{"embeddable":true,"href":"https:\/\/marine-charts.com\/sv\/wp-json\/wp\/v2\/comments?post=8"}],"version-history":[{"count":0,"href":"https:\/\/marine-charts.com\/sv\/wp-json\/wp\/v2\/pages\/8\/revisions"}],"wp:attachment":[{"href":"https:\/\/marine-charts.com\/sv\/wp-json\/wp\/v2\/media?parent=8"}],"curies":[{"name":"wp","href":"https:\/\/api.w.org\/{rel}","templated":true}]}}