{"id":1596,"date":"2022-11-14T01:37:02","date_gmt":"2022-11-13T23:37:02","guid":{"rendered":"https:\/\/marine-charts.com\/?page_id=1596"},"modified":"2022-11-14T01:38:51","modified_gmt":"2022-11-13T23:38:51","slug":"paper-digital-marine-publications","status":"publish","type":"page","link":"https:\/\/marine-charts.com\/tr\/paper-digital-marine-publications\/","title":{"rendered":"Denizcilik Yay\u0131nlar\u0131: Ka\u011f\u0131t ve Dijital Denizcilik Yay\u0131nlar\u0131"},"content":{"rendered":"","protected":false},"excerpt":{"rendered":"","protected":false},"author":1,"featured_media":0,"parent":0,"menu_order":0,"comment_status":"closed","ping_status":"closed","template":"","meta":{"footnotes":""},"class_list":["post-1596","page","type-page","status-publish","hentry"],"_links":{"self":[{"href":"https:\/\/marine-charts.com\/tr\/wp-json\/wp\/v2\/pages\/1596","targetHints":{"allow":["GET"]}}],"collection":[{"href":"https:\/\/marine-charts.com\/tr\/wp-json\/wp\/v2\/pages"}],"about":[{"href":"https:\/\/marine-charts.com\/tr\/wp-json\/wp\/v2\/types\/page"}],"author":[{"embeddable":true,"href":"https:\/\/marine-charts.com\/tr\/wp-json\/wp\/v2\/users\/1"}],"replies":[{"embeddable":true,"href":"https:\/\/marine-charts.com\/tr\/wp-json\/wp\/v2\/comments?post=1596"}],"version-history":[{"count":0,"href":"https:\/\/marine-charts.com\/tr\/wp-json\/wp\/v2\/pages\/1596\/revisions"}],"wp:attachment":[{"href":"https:\/\/marine-charts.com\/tr\/wp-json\/wp\/v2\/media?parent=1596"}],"curies":[{"name":"wp","href":"https:\/\/api.w.org\/{rel}","templated":true}]}}