{"id":547,"date":"2022-02-14T04:59:34","date_gmt":"2022-02-14T02:59:34","guid":{"rendered":"https:\/\/marine-charts.com\/registration\/"},"modified":"2022-12-04T02:22:58","modified_gmt":"2022-12-04T00:22:58","slug":"registration","status":"publish","type":"page","link":"https:\/\/marine-charts.com\/tr\/registration\/","title":{"rendered":"kay\u0131t"},"content":{"rendered":"<div class=\"directorist-registration-wrapper directorist-w-100\">\n\t<div class=\"directorist-container-fluid\">\n\t\t<div class=\"directorist-row\">\n\t\t\t<div class=\"directorist-col-md-6 directorist-offset-md-3\">\n\t\t\t\t<div class=\"add_listing_title atbd_success_mesage\">\n\t\t\t\t\t\t\t\t\t\t<!--Registration failed, so show notification.-->\n\t\t\t\t\t\t\t\t\t<\/div>\n\t\t\t<\/div>\n\t\t\t<div class=\"directorist-col-md-6 directorist-offset-md-3\">\n\t\t\t\t<div class=\"directory_register_form_wrap\">\n\t\t\t\t\t<form action=\"https:\/\/marine-charts.com\/tr\/registration\/\" method=\"post\" data-trp-original-action=\"https:\/\/marine-charts.com\/tr\/registration\/\">\n\t\t\t\t\t\t<div class=\"directorist-form-group directorist-mb-15\">\n\t\t\t\t\t\t\t<label for=\"username\">Kullan\u0131c\u0131 ad\u0131 <strong class=\"directorist-form-required\">*<\/strong><\/label>\n\t\t\t\t\t\t\t<input id=\"username\" class=\"directorist-form-element\" type=\"text\" name=\"username\" value=\"\" required>\n\t\t\t\t\t\t<\/div>\n\t\t\t\t\t\t<div class=\"directorist-form-group directorist-mb-15\">\n\t\t\t\t\t\t\t<label for=\"email\">E-posta <strong class=\"directorist-form-required\">*<\/strong><\/label>\n\t\t\t\t\t\t\t<input id=\"email\" class=\"directorist-form-element\" type=\"text\" name=\"email\" value=\"\" required>\n\t\t\t\t\t\t<\/div>\n\t\t\t\t\t\t\t\t\t\t\t\t\t<div class=\"directorist-form-group directorist-mb-15\">\n\t\t\t\t\t\t\t\t<label for=\"password\">\u015eifre<strong class=\"directorist-form-required\">*<\/strong><\/label>\n\t\t\t\t\t\t\t\t<input id=\"password\" class=\"directorist-form-element\" type=\"password\" name=\"password\" value=\"\" required>\n\t\t\t\t\t\t\t<\/div>\n\t\t\t\t\t\t\t\t\t\t\t\t\t\t\t\t\t\t\t\t\t\t\t\t\t\t\t\t\t\t\t\t\t\t\t\t\n\t\t\t\t\t\t\t\t\t\t\t\t\t<div class=\"atbd_privacy_policy_area directory_regi_btn directorist-checkbox directorist-mb-15\">\n\t\t\t\t\t\t\t\t<input id=\"privacy_policy\" type=\"checkbox\" name=\"privacy_policy\" >\n\t\t\t\t\t\t\t\t<label for=\"privacy_policy\" class=\"directorist-checkbox__label\">Kat\u0131l\u0131yorum <a style=\"color: red\" target=\"_blank\" href=\"https:\/\/marine-charts.com\/tr\/privacy-policy\/\">Gizlilik Politikas\u0131<\/a> <span class=\"directorist-form-required\">*<\/span><\/label>\n\t\t\t\t\t\t\t<\/div>\n\t\t\t\t\t\t\t\t\t\t\t\t\t\t\t\t\t\t\t<div class=\"atbd_term_and_condition_area directory_regi_btn directorist-checkbox directorist-mb-15\">\n\t\t\t\t\t\t\t\t<input id=\"listing_t\" type=\"checkbox\" name=\"t_c_check\" >\n\t\t\t\t\t\t\t\t<label for=\"listing_t\" class=\"directorist-checkbox__label\">hepsine kat\u0131l\u0131yorum\t\t\t\t\t\t\t\t\t<a style=\"color: red\" target=\"_blank\" href=\"https:\/\/marine-charts.com\/tr\/terms-conditions\/\">\u015fartlar ve ko\u015fullar<\/a> <span class=\"directorist-form-required\">*<\/span><\/label>\n\t\t\t\t\t\t\t<\/div>\n\t\t\t\t\t\t\n\t\t\t\t\t\t\t\t\t\t\t\t<div class=\"directory_regi_btn directorist-mb-15\">\n\t\t\t\t\t\t\t\t\t\t\t\t\t\t<input type=\"hidden\" name='previous_page' value=''>\n\t\t\t\t\t\t\t\t\t\t\t\t\t\t<button type=\"submit\" class=\"directorist-btn directorist-btn-primary\" name=\"atbdp_user_submit\">\u00dcye olmak<\/button>\n\t\t\t\t\t\t\t<input type=\"hidden\" value=\"45eea2d481\" name=\"directorist_nonce\">\n\t\t\t\t\t\t<\/div>\n\t\t\t\t\t\t\t\t\t\t\t\t\t<div class=\"directory_regi_btn\">\n\t\t\t\t\t\t\t\t<p>Zaten hesab\u0131n\u0131z var m\u0131? L\u00fctfen giri\u015f yap\u0131n <a href=\"https:\/\/marine-charts.com\/tr\/login\/\">Burada<\/a><\/p>\n\t\t\t\t\t\t\t<\/div>\n\t\t\t\t\t\t\t\t\t\t\t<input type=\"hidden\" name=\"trp-form-language\" value=\"tr\"\/><\/form>\n\t\t\t\t<\/div>\n\t\t\t<\/div>\n\t\t<\/div> <!--ends .row-->\n\t<\/div>\n<\/div>","protected":false},"excerpt":{"rendered":"","protected":false},"author":1,"featured_media":0,"parent":0,"menu_order":0,"comment_status":"closed","ping_status":"closed","template":"","meta":{"footnotes":""},"class_list":["post-547","page","type-page","status-publish","hentry"],"_links":{"self":[{"href":"https:\/\/marine-charts.com\/tr\/wp-json\/wp\/v2\/pages\/547","targetHints":{"allow":["GET"]}}],"collection":[{"href":"https:\/\/marine-charts.com\/tr\/wp-json\/wp\/v2\/pages"}],"about":[{"href":"https:\/\/marine-charts.com\/tr\/wp-json\/wp\/v2\/types\/page"}],"author":[{"embeddable":true,"href":"https:\/\/marine-charts.com\/tr\/wp-json\/wp\/v2\/users\/1"}],"replies":[{"embeddable":true,"href":"https:\/\/marine-charts.com\/tr\/wp-json\/wp\/v2\/comments?post=547"}],"version-history":[{"count":0,"href":"https:\/\/marine-charts.com\/tr\/wp-json\/wp\/v2\/pages\/547\/revisions"}],"wp:attachment":[{"href":"https:\/\/marine-charts.com\/tr\/wp-json\/wp\/v2\/media?parent=547"}],"curies":[{"name":"wp","href":"https:\/\/api.w.org\/{rel}","templated":true}]}}